{"id":1367,"date":"2025-08-04T15:21:30","date_gmt":"2025-08-04T13:21:30","guid":{"rendered":"https:\/\/www.hotel-lebzelter.at\/contact\/"},"modified":"2025-10-23T09:12:25","modified_gmt":"2025-10-23T07:12:25","slug":"contact","status":"publish","type":"page","link":"https:\/\/www.hotel-lebzelter.at\/en\/contact\/","title":{"rendered":"Contact"},"content":{"rendered":"<div class=\"lazyblock-intro-media-headline-btns-WzbEr wp-block-lazyblock-intro-media-headline-btns\">\n<section class=\"intro-media-headline-btns intro full-width-grid text-white mt-none mb-none pt-none pb-none\" style=\"--overlay-opacity:15%\" >\n    <div class=\"media-container position-relative\">\n                        <picture>\n                                        <img loading=\"lazy\" decoding=\"async\" width=\"2560\" height=\"1440\" src=\"https:\/\/www.hotel-lebzelter.at\/wp-content\/uploads\/2025\/08\/kontakt-intro-landscape.jpg\" class=\"attachment-full size-full\" alt=\"Zeller See Drohnenaufnahme\" srcset=\"https:\/\/www.hotel-lebzelter.at\/wp-content\/uploads\/2025\/08\/kontakt-intro-landscape.jpg 2560w, https:\/\/www.hotel-lebzelter.at\/wp-content\/uploads\/2025\/08\/kontakt-intro-landscape-512x288.jpg 512w, https:\/\/www.hotel-lebzelter.at\/wp-content\/uploads\/2025\/08\/kontakt-intro-landscape-1024x576.jpg 1024w, https:\/\/www.hotel-lebzelter.at\/wp-content\/uploads\/2025\/08\/kontakt-intro-landscape-768x432.jpg 768w, https:\/\/www.hotel-lebzelter.at\/wp-content\/uploads\/2025\/08\/kontakt-intro-landscape-1536x864.jpg 1536w, https:\/\/www.hotel-lebzelter.at\/wp-content\/uploads\/2025\/08\/kontakt-intro-landscape-2048x1152.jpg 2048w\" sizes=\"auto, (max-width: 2560px) 100vw, 2560px\" \/>                <\/picture>\n                        <\/div>\n\n    <div class=\"intro-nav full-width-grid align-items-center highlight-md\">\n        <button class=\"menu-toggle\" aria-label=\"Menu Toggle\"><\/button>\n\n        <div class=\"contact d-flex justify-content-center\">\n                            <a href=\"tel:+43  6542 7760\" class=\"phone\">+43 (0) 6542 7760<\/a>\n            \n                            <a href=\"mailto:zell@hotel-lebzelter.at\" class=\"mail\">zell@hotel-lebzelter.at<\/a>\n                    <\/div>\n\n\t\t<div class=\"container-right d-flex flex-gap align-items-center\">\n\t\t\t\n<div class=\"wpml-ls-statics-shortcode_actions wpml-ls wpml-ls-legacy-list-horizontal\">\n\t<ul role=\"menu\"><li class=\"wpml-ls-slot-shortcode_actions wpml-ls-item wpml-ls-item-de wpml-ls-first-item wpml-ls-item-legacy-list-horizontal\" role=\"none\">\n\t\t\t\t<a href=\"https:\/\/www.hotel-lebzelter.at\/\" class=\"wpml-ls-link\" role=\"menuitem\"  aria-label=\"Switch to DE(DE)\" title=\"Switch to DE(DE)\" >\n                    <span class=\"wpml-ls-native\" lang=\"de\">DE<\/span><\/a>\n\t\t\t<\/li><li class=\"wpml-ls-slot-shortcode_actions wpml-ls-item wpml-ls-item-en wpml-ls-current-language wpml-ls-last-item wpml-ls-item-legacy-list-horizontal\" role=\"none\">\n\t\t\t\t<a href=\"https:\/\/www.hotel-lebzelter.at\/en\/\" class=\"wpml-ls-link\" role=\"menuitem\" >\n                    <span class=\"wpml-ls-native\" role=\"menuitem\">EN<\/span><\/a>\n\t\t\t<\/li><\/ul>\n<\/div>\n\n\t\t\t<button class=\"contrast-toggle justify-self-center\" aria-label=\"Contrast\" title=\"Contrast\"><\/button>\n\t\t<\/div>\n    <\/div>\n\n            <a href=\"https:\/\/www.hotel-lebzelter.at\/en\/\" class=\"custom-logo-link\" rel=\"home\"><img loading=\"lazy\" decoding=\"async\" width=\"270\" height=\"256\" src=\"https:\/\/www.hotel-lebzelter.at\/wp-content\/uploads\/2025\/08\/logo-hotel-lebzelter.svg\" class=\"custom-logo\" alt=\"Logo Hotel Lebzelter\" \/><\/a>    \n    <div class=\"content-container d-flex flex-column mb-xl\">\n                    <h1 class=\"headline h3\">Send a greeting ahead of your trip<\/h1>\n                            <div class=\"btns-container mt-50\">\n                                    <a href=\"https:\/\/direct.bookingandmore.com\/accommodation\/b9cc687b-9870-4ab8-b8ec-6442db7154da?lang=en#\/\" class=\"default-btn\"  target=\"_blank\">Book<\/a>\n                                    <a href=\"https:\/\/hotel-lebzelter.at\/en\/inquire\/\" class=\"default-btn\" >Inquire<\/a>\n                            <\/div>\n            <\/div>\n\n            <div class=\"social-btns-container d-flex flex-column mb-xl align-self-end justify-self-end\">\n                            <a href=\"tel:+43  6542 7760\" class=\"icon-btn phone\" aria-label=\"+43 (0) 6542 7760\"><\/a>\n                            <a href=\"mailto:zell@hotel-lebzelter.at\" class=\"icon-btn email\" aria-label=\"zell@hotel-lebzelter.at\"><\/a>\n                            <a href=\"https:\/\/www.facebook.com\/profile.php?id=100063728226511\" target=\"_blank\" class=\"icon-btn facebook\" aria-label=\"Facebook\"><\/a>\n                            <a href=\"https:\/\/www.instagram.com\/lebzelterzellamsee\/\" target=\"_blank\" class=\"icon-btn instagram\" aria-label=\"Instagram\"><\/a>\n                    <\/div>\n    \n    <button class=\"scroll-btn spinner\" aria-label=\"Scroll\">\n        \n<div class=\"spinner\">\n    <svg xmlns=\"http:\/\/www.w3.org\/2000\/svg\" xml:lang=\"en\" xmlns:xlink=\"http:\/\/www.w3.org\/1999\/xlink\" viewBox=\"0 0 220 220\">\n        <defs>\n            <path id=\"textcircle\" d=\"\n                M110,200\n                a90,90 0 1,1 0,-180\n                a90,90 0 1,1 0,180Z\"\n                transform=\"rotate(12, 110, 110)\" \/>\n        <\/defs>\n        <g class=\"textcircle\">\n            <text textLength=\"560\">\n                <textPath xlink:href=\"#textcircle\" textLength=\"565\">\n                                            Scroll &amp; Discover \u00bb Scroll &amp; Discover \u00bb                                     <\/textPath>\n            <\/text>\n        <\/g>\n    <\/svg>\n\n            <img loading=\"lazy\" decoding=\"async\" width=\"80\" height=\"91\" src=\"https:\/\/www.hotel-lebzelter.at\/wp-content\/uploads\/2025\/08\/spinner-icon-01.svg\" class=\"spinner-icon\" alt=\"Icon\" \/>    <\/div>\n    <\/button>\n<\/section><\/div><div class=\"lazyblock-headline-subheadline-text-E8TzX wp-block-lazyblock-headline-subheadline-text\">\r\n<section class=\"headline-subheadline-text full-width-grid mt-none mb-none pt-xl pb-lg bg-brown\">\r\n            <h2 class=\"headline h1 text-balance align-self-center\">We are always here for you<\/h2>\r\n                <div class=\"icon-container align-self-center\">\r\n            <img loading=\"lazy\" decoding=\"async\" width=\"100\" height=\"50\" src=\"https:\/\/www.hotel-lebzelter.at\/wp-content\/uploads\/2025\/08\/icon-goose-circle.svg\" class=\"attachment-full size-full\" alt=\"Icon Gans\" \/>        <\/div>\r\n                <div class=\"subheadline highlight-md text-balance\">Get in touch with us<\/div>\r\n        <div class=\"text-subline-container d-flex flex-column\">\r\n                    <div class=\"text-container align-self-center\"><br>What is the best way to reach you? Where can I find answers to my questions? And what if I need support?   A vacation often raises many small questions. Even our loyal regular guests occasionally encounter questions or obstacles\u2014which we are of course happy to clear out of the way for you.<br>On this page, we show you the easiest ways to contact us if you need advice or assistance. And if you are still unsure about the most convenient way to get here, we have compiled all the options for you in the section below.  <\/div>\r\n                            <div class=\"subline highlight-sm text-balance mt-md\">Hotel Lebzelter \u2013 Sociable since 1482.<\/div>\r\n            <\/div>\r\n<\/section><\/div><div class=\"lazyblock-contact-1EoqjX wp-block-lazyblock-contact\">\r\n<section class=\"contact full-width-grid mt-none mb-none pt-md pb-xl bg-brown\">\r\n            <div class=\"section-headlines-container mb-md\">\r\n            <h2 class=\"headline section-headline\">contact information<\/h2>\r\n            <div class=\"lines-container\"><\/div>\r\n                            <div class=\"headline section-subline\">Talk to us<\/div>\r\n                    <\/div>\r\n        <div class=\"contact-container d-flex flex-gap justify-content-between mt-md\">\r\n                    <div class=\"contact-item d-flex flex-column align-items-center text-center\">\r\n                <div class=\"contact-icon icon-container\">\r\n                    <img loading=\"lazy\" decoding=\"async\" width=\"60\" height=\"60\" src=\"https:\/\/www.hotel-lebzelter.at\/wp-content\/uploads\/2025\/08\/icon-contact-location.svg\" class=\"attachment-full size-full\" alt=\"Icon - Standort\" \/><\/div>\r\n                <div class=\"contact-text mt-sm\"><p><strong>Hotel Lebzelter GmbH &amp; Co KG<br>Familie Schandlbauer<\/strong><br>Dreifaltigkeitsgasse 7<br>5700 Zell am See, Austria<\/p><\/div>\r\n            <\/div>\r\n                    <div class=\"contact-item d-flex flex-column align-items-center text-center\">\r\n                <div class=\"contact-icon icon-container\">\r\n                    <img loading=\"lazy\" decoding=\"async\" width=\"60\" height=\"60\" src=\"https:\/\/www.hotel-lebzelter.at\/wp-content\/uploads\/2025\/08\/icon-contact-mail.svg\" class=\"attachment-full size-full\" alt=\"Icon E-Mail\" \/><\/div>\r\n                <div class=\"contact-text mt-sm\"><p>Simply send us your request by email!<\/p>\n<p><a href=\"mailto:zell@hotel-lebzelter.at\"><strong>zell@hotel-lebzelter.at<\/strong><\/a><\/p><\/div>\r\n            <\/div>\r\n                    <div class=\"contact-item d-flex flex-column align-items-center text-center\">\r\n                <div class=\"contact-icon icon-container\">\r\n                    <img loading=\"lazy\" decoding=\"async\" width=\"60\" height=\"60\" src=\"https:\/\/www.hotel-lebzelter.at\/wp-content\/uploads\/2025\/08\/icon-contact-phone.svg\" class=\"attachment-full size-full\" alt=\"Icon Telefon\" \/><\/div>\r\n                <div class=\"contact-text mt-sm\"><p>Or simply call us at the following number!<\/p>\n<p><a href=\"tel:%204365427760\"><strong>  43 (0) 6542 7760<\/strong><\/a><\/p><\/div>\r\n            <\/div>\r\n            <\/div>\r\n            <div class=\"arrow-btns-container align-self-center mt-lg\">\r\n                            <a href=\"https:\/\/maps.app.goo.gl\/Hk2WaunNB2wp8WEv6\" target=\"_blank\" class=\"arrow-btn\">Find us on Google Maps<\/a>\r\n                    <\/div>\r\n                <div class=\"btns-container align-self-center justify-self-end mt-lg\">\r\n                            <a href=\"https:\/\/direct.bookingandmore.com\/accommodation\/b9cc687b-9870-4ab8-b8ec-6442db7154da#\/\" target=\"_blank\" class=\"default-btn\">Book<\/a>\r\n                            <a href=\"https:\/\/hotel-lebzelter.at\/en\/inquire\/\" class=\"default-btn\">Inquire<\/a>\r\n                    <\/div>\r\n    <\/section><\/div><div class=\"lazyblock-journey-Z1FFX4T wp-block-lazyblock-journey\">\r\n<section id=\"arrival\" class=\"journey full-width-grid mt-xl mb-lg pt-none pb-none bg-\">\r\n            <div class=\"circle-btns-container d-flex flex-column flex-gap\">\r\n                                                <div class=\"circle-btn\">Arrival<\/div>\r\n                                    <\/div>\r\n    \r\n            <div class=\"text-container text-center justify-self-center\">Getting to Zell am See made easy!<br>Here we show you a variety of ways to travel to one of Salzburg&#8217;s most beautiful vacation regions. Whether by car, train, or plane, we&#8217;ll help you get there safely. Are you traveling by air? With Brugger&#8217;s Taxi, you can get to Zell am See easily and comfortably!   <\/div>\r\n    \r\n    <div class=\"cards-container d-grid mt-md\">\r\n                    <div class=\"card hover-container toggle-item\">\r\n                <div class=\"card-img img-container\">\r\n                    <img loading=\"lazy\" decoding=\"async\" width=\"558\" height=\"742\" src=\"https:\/\/www.hotel-lebzelter.at\/wp-content\/uploads\/2025\/10\/Lake_bearbeitet.jpg\" class=\"attachment-full size-full\" alt=\"Panoramaaufnahme vom Zeller See\" srcset=\"https:\/\/www.hotel-lebzelter.at\/wp-content\/uploads\/2025\/10\/Lake_bearbeitet.jpg 558w, https:\/\/www.hotel-lebzelter.at\/wp-content\/uploads\/2025\/10\/Lake_bearbeitet-385x512.jpg 385w\" sizes=\"auto, (max-width: 558px) 100vw, 558px\" \/>                <\/div>\r\n                <div class=\"arrow-btn-circle justify-self-end\"><\/div>\r\n                <div class=\"card-content d-flex flex-column text-white justify-content-end\">\r\n                    <div class=\"card-preheadline fw-700\">By car<\/div>\r\n                    <div class=\"card-headline h4\">Road trip to Zell am See<\/div>\r\n                    <div class=\"card-content-inner d-grid\">\r\n                        <div class=\"card-text text-container\">From Germany, it is best to take the Munich-Salzburg motorway, exit at Siegsdorf, drive through Inzell and Saalfelden directly to the center of Zell am See. You do not need a toll sticker for this arrival and departure route! <br><br>From Italy, it is best to take the highway towards Salzburg and exit at Bischofshofen towards Zell am See\/Mittersill. You will need a toll sticker for this arrival and departure route! <br><br>From Switzerland, it is best to take the Inntal motorway, exit at W\u00f6rgl towards Felbertauern, then take the route W\u00f6rgl &#8211; Kitzb\u00fchel &#8211; Mittersill &#8211; Zell am See. You will need a toll sticker for this arrival and departure route! <br><br>Directions to Hotel Lebzelter:<br>Once you have reached Zell am See, continue along the main road.<br>Coming from Saalfelden (Loferer Bundesstra\u00dfe), turn left between Hotel Glasererhaus and Haitzmann onto Anton-Wallner-Stra\u00dfe. The Hotel Lebzelter car park is on the right-hand side. Please do not enter the tunnel from this direction.<br>If you are coming from Bischofshofen or Mittersill, drive through the tunnel to the Zentrum exit and continue along Brucker Bundesstra\u00dfe, passing the tourist office. Turn right between Hotel Glasererhaus and Haitzmann onto Anton-Wallner-Stra\u00dfe, where you will find our car park on the right-hand side after a few meters.<br>If you are using a navigation device, please enter Anton-Wallner-Stra\u00dfe as your destination.  <\/div>\r\n                    <\/div>\r\n                <\/div>\r\n            <\/div>\r\n                    <div class=\"card hover-container toggle-item\">\r\n                <div class=\"card-img img-container\">\r\n                    <img loading=\"lazy\" decoding=\"async\" width=\"558\" height=\"742\" src=\"https:\/\/www.hotel-lebzelter.at\/wp-content\/uploads\/2025\/08\/anreise-oeffis.jpg\" class=\"attachment-full size-full\" alt=\"Schienen im Wald\" srcset=\"https:\/\/www.hotel-lebzelter.at\/wp-content\/uploads\/2025\/08\/anreise-oeffis.jpg 558w, https:\/\/www.hotel-lebzelter.at\/wp-content\/uploads\/2025\/08\/anreise-oeffis-385x512.jpg 385w\" sizes=\"auto, (max-width: 558px) 100vw, 558px\" \/>                <\/div>\r\n                <div class=\"arrow-btn-circle justify-self-end\"><\/div>\r\n                <div class=\"card-content d-flex flex-column text-white justify-content-end\">\r\n                    <div class=\"card-preheadline fw-700\">By public transport<\/div>\r\n                    <div class=\"card-headline h4\">Just sit back<\/div>\r\n                    <div class=\"card-content-inner d-grid\">\r\n                        <div class=\"card-text text-container\"><p>If you decide to travel by train, we recommend getting off at the \u201cZell am See\u201d stop. The train station is located right in the town center, only about an 8-minute walk from our hotel.<br>With the Guest Mobility Ticket, traveling by public transport (bus and train) is a breeze. You will receive your ticket digitally in the app \u2013 please complete the <a href=\"https:\/\/portal.gastfreund.net\/hotel-lebzelter-zell-am-see\/466580?language=en\" target=\"_blank\" rel=\"noopener\"><strong data-start=\"1897\" data-end=\"1923\">pre-check-in <\/strong><\/a>process in advance.  <\/p>\n<p><a href=\"https:\/\/fahrplan.salzburg-verkehr.at\/\" target=\"_blank\" rel=\"noopener\">Click here for the bus schedule<\/a><\/p><\/div>\r\n                    <\/div>\r\n                <\/div>\r\n            <\/div>\r\n                    <div class=\"card hover-container toggle-item\">\r\n                <div class=\"card-img img-container\">\r\n                    <img loading=\"lazy\" decoding=\"async\" width=\"558\" height=\"742\" src=\"https:\/\/www.hotel-lebzelter.at\/wp-content\/uploads\/2025\/08\/anreise-flugzeug.jpg\" class=\"attachment-full size-full\" alt=\"Flugzeug am Himmel\" srcset=\"https:\/\/www.hotel-lebzelter.at\/wp-content\/uploads\/2025\/08\/anreise-flugzeug.jpg 558w, https:\/\/www.hotel-lebzelter.at\/wp-content\/uploads\/2025\/08\/anreise-flugzeug-385x512.jpg 385w\" sizes=\"auto, (max-width: 558px) 100vw, 558px\" \/>                <\/div>\r\n                <div class=\"arrow-btn-circle justify-self-end\"><\/div>\r\n                <div class=\"card-content d-flex flex-column text-white justify-content-end\">\r\n                    <div class=\"card-preheadline fw-700\">By plane<\/div>\r\n                    <div class=\"card-headline h4\">Convenient access to Salzburg Airport<\/div>\r\n                    <div class=\"card-content-inner d-grid\">\r\n                        <div class=\"card-text text-container\"><p>If you are traveling from further afield, we recommend W.A. Mozart Airport in Salzburg, approximately 75 kilometers from Zell am See. From there, bus connections (such as regional bus 260) or train connections take you directly to Zell am See.<br>The team at <a href=\"https:\/\/www.taxi-zellamsee-kaprun.at\/\">Brugger&#8217;s Taxi<\/a> will take excellent care of you when it comes to transfers to and from Salzburg or Munich Airport. <\/p><\/div>\r\n                    <\/div>\r\n                <\/div>\r\n            <\/div>\r\n            <\/div>\r\n<\/section><\/div><div class=\"lazyblock-headline-subline-icon-text-btns-kgQl7 wp-block-lazyblock-headline-subline-icon-text-btns\">\r\n<section class=\"headline-subline-icon-text-btns full-width-grid mt-none mb-none pt-lg pb-md bg-beige\">\r\n            <div class=\"circle-btns-container align-self-center\">\r\n                                                <div class=\"circle-btn\">Any<br>questions?<\/div>\r\n                                    <\/div>\r\n                <h2 class=\"headline h1 text-balance\">Perhaps our FAQ section can help<\/h2>\r\n                <div class=\"subheadline mb-lg\">Targeted answers to your questions<\/div>\r\n                <div class=\"icon-container justify-self-center align-self-end\">\r\n            <img loading=\"lazy\" decoding=\"async\" width=\"557\" height=\"478\" src=\"https:\/\/www.hotel-lebzelter.at\/wp-content\/uploads\/2025\/08\/icon-rooster.svg\" class=\"attachment-full size-full\" alt=\"Illustration Hahn\" \/>        <\/div>\r\n        <div class=\"symbol justify-self-end h1 question-mark\"><\/div>\r\n                <div class=\"btns-container mb-lg\">\r\n                            <a href=\"https:\/\/hotel-lebzelter.at\/en\/faq\/\" class=\"arrow-btn\" >To the FAQs<\/a>\r\n                    <\/div>\r\n        <\/section><\/div>","protected":false},"excerpt":{"rendered":"","protected":false},"author":1,"featured_media":0,"parent":0,"menu_order":0,"comment_status":"closed","ping_status":"closed","template":"","meta":{"package-date-from":"","package-date-to":"","footnotes":""},"class_list":["post-1367","page","type-page","status-publish","hentry"],"yoast_head":"<!-- This site is optimized with the Yoast SEO plugin v26.2 - https:\/\/yoast.com\/wordpress\/plugins\/seo\/ -->\n<title>We are here for you | Hotel Lebzelter Zell am See<\/title>\n<meta name=\"description\" content=\"We are happy to help you with any questions you may have about your arrival, your stay, or any special requests at Hotel Lebzelter.\" \/>\n<meta name=\"robots\" content=\"index, follow, max-snippet:-1, max-image-preview:large, max-video-preview:-1\" \/>\n<link rel=\"canonical\" href=\"https:\/\/www.hotel-lebzelter.at\/en\/contact\/\" \/>\n<meta property=\"og:locale\" content=\"en_US\" \/>\n<meta property=\"og:type\" content=\"article\" \/>\n<meta property=\"og:title\" content=\"We are here for you | Hotel Lebzelter Zell am See\" \/>\n<meta property=\"og:description\" content=\"We are happy to help you with any questions you may have about your arrival, your stay, or any special requests at Hotel Lebzelter.\" \/>\n<meta property=\"og:url\" content=\"https:\/\/www.hotel-lebzelter.at\/en\/contact\/\" \/>\n<meta property=\"og:site_name\" content=\"Hotel Lebzelter\" \/>\n<meta property=\"article:publisher\" content=\"https:\/\/www.facebook.com\/profile.php?id=100063728226511\" \/>\n<meta property=\"article:modified_time\" content=\"2025-10-23T07:12:25+00:00\" \/>\n<meta name=\"twitter:card\" content=\"summary_large_image\" \/>\n<script type=\"application\/ld+json\" class=\"yoast-schema-graph\">{\"@context\":\"https:\/\/schema.org\",\"@graph\":[{\"@type\":\"WebPage\",\"@id\":\"https:\/\/www.hotel-lebzelter.at\/en\/contact\/\",\"url\":\"https:\/\/www.hotel-lebzelter.at\/en\/contact\/\",\"name\":\"We are here for you | Hotel Lebzelter Zell am See\",\"isPartOf\":{\"@id\":\"https:\/\/www.hotel-lebzelter.at\/en\/#website\"},\"datePublished\":\"2025-08-04T13:21:30+00:00\",\"dateModified\":\"2025-10-23T07:12:25+00:00\",\"description\":\"We are happy to help you with any questions you may have about your arrival, your stay, or any special requests at Hotel Lebzelter.\",\"breadcrumb\":{\"@id\":\"https:\/\/www.hotel-lebzelter.at\/en\/contact\/#breadcrumb\"},\"inLanguage\":\"en-US\",\"potentialAction\":[{\"@type\":\"ReadAction\",\"target\":[\"https:\/\/www.hotel-lebzelter.at\/en\/contact\/\"]}]},{\"@type\":\"BreadcrumbList\",\"@id\":\"https:\/\/www.hotel-lebzelter.at\/en\/contact\/#breadcrumb\",\"itemListElement\":[{\"@type\":\"ListItem\",\"position\":1,\"name\":\"Startseite\",\"item\":\"https:\/\/www.hotel-lebzelter.at\/en\/\"},{\"@type\":\"ListItem\",\"position\":2,\"name\":\"Contact\"}]},{\"@type\":\"WebSite\",\"@id\":\"https:\/\/www.hotel-lebzelter.at\/en\/#website\",\"url\":\"https:\/\/www.hotel-lebzelter.at\/en\/\",\"name\":\"Hotel Lebzelter\",\"description\":\"\",\"publisher\":{\"@id\":\"https:\/\/www.hotel-lebzelter.at\/en\/#organization\"},\"potentialAction\":[{\"@type\":\"SearchAction\",\"target\":{\"@type\":\"EntryPoint\",\"urlTemplate\":\"https:\/\/www.hotel-lebzelter.at\/en\/?s={search_term_string}\"},\"query-input\":{\"@type\":\"PropertyValueSpecification\",\"valueRequired\":true,\"valueName\":\"search_term_string\"}}],\"inLanguage\":\"en-US\"},{\"@type\":\"Organization\",\"@id\":\"https:\/\/www.hotel-lebzelter.at\/en\/#organization\",\"name\":\"Hotel Lebzelter\",\"url\":\"https:\/\/www.hotel-lebzelter.at\/en\/\",\"logo\":{\"@type\":\"ImageObject\",\"inLanguage\":\"en-US\",\"@id\":\"https:\/\/www.hotel-lebzelter.at\/en\/#\/schema\/logo\/image\/\",\"url\":\"https:\/\/www.hotel-lebzelter.at\/wp-content\/uploads\/2025\/08\/logo-hotel-lebzelter.svg\",\"contentUrl\":\"https:\/\/www.hotel-lebzelter.at\/wp-content\/uploads\/2025\/08\/logo-hotel-lebzelter.svg\",\"width\":270,\"height\":256,\"caption\":\"Hotel Lebzelter\"},\"image\":{\"@id\":\"https:\/\/www.hotel-lebzelter.at\/en\/#\/schema\/logo\/image\/\"},\"sameAs\":[\"https:\/\/www.facebook.com\/profile.php?id=100063728226511\",\"https:\/\/www.instagram.com\/lebzelterzellamsee\/\"]}]}<\/script>\n<!-- \/ Yoast SEO plugin. -->","yoast_head_json":{"title":"We are here for you | Hotel Lebzelter Zell am See","description":"We are happy to help you with any questions you may have about your arrival, your stay, or any special requests at Hotel Lebzelter.","robots":{"index":"index","follow":"follow","max-snippet":"max-snippet:-1","max-image-preview":"max-image-preview:large","max-video-preview":"max-video-preview:-1"},"canonical":"https:\/\/www.hotel-lebzelter.at\/en\/contact\/","og_locale":"en_US","og_type":"article","og_title":"We are here for you | Hotel Lebzelter Zell am See","og_description":"We are happy to help you with any questions you may have about your arrival, your stay, or any special requests at Hotel Lebzelter.","og_url":"https:\/\/www.hotel-lebzelter.at\/en\/contact\/","og_site_name":"Hotel Lebzelter","article_publisher":"https:\/\/www.facebook.com\/profile.php?id=100063728226511","article_modified_time":"2025-10-23T07:12:25+00:00","twitter_card":"summary_large_image","schema":{"@context":"https:\/\/schema.org","@graph":[{"@type":"WebPage","@id":"https:\/\/www.hotel-lebzelter.at\/en\/contact\/","url":"https:\/\/www.hotel-lebzelter.at\/en\/contact\/","name":"We are here for you | Hotel Lebzelter Zell am See","isPartOf":{"@id":"https:\/\/www.hotel-lebzelter.at\/en\/#website"},"datePublished":"2025-08-04T13:21:30+00:00","dateModified":"2025-10-23T07:12:25+00:00","description":"We are happy to help you with any questions you may have about your arrival, your stay, or any special requests at Hotel Lebzelter.","breadcrumb":{"@id":"https:\/\/www.hotel-lebzelter.at\/en\/contact\/#breadcrumb"},"inLanguage":"en-US","potentialAction":[{"@type":"ReadAction","target":["https:\/\/www.hotel-lebzelter.at\/en\/contact\/"]}]},{"@type":"BreadcrumbList","@id":"https:\/\/www.hotel-lebzelter.at\/en\/contact\/#breadcrumb","itemListElement":[{"@type":"ListItem","position":1,"name":"Startseite","item":"https:\/\/www.hotel-lebzelter.at\/en\/"},{"@type":"ListItem","position":2,"name":"Contact"}]},{"@type":"WebSite","@id":"https:\/\/www.hotel-lebzelter.at\/en\/#website","url":"https:\/\/www.hotel-lebzelter.at\/en\/","name":"Hotel Lebzelter","description":"","publisher":{"@id":"https:\/\/www.hotel-lebzelter.at\/en\/#organization"},"potentialAction":[{"@type":"SearchAction","target":{"@type":"EntryPoint","urlTemplate":"https:\/\/www.hotel-lebzelter.at\/en\/?s={search_term_string}"},"query-input":{"@type":"PropertyValueSpecification","valueRequired":true,"valueName":"search_term_string"}}],"inLanguage":"en-US"},{"@type":"Organization","@id":"https:\/\/www.hotel-lebzelter.at\/en\/#organization","name":"Hotel Lebzelter","url":"https:\/\/www.hotel-lebzelter.at\/en\/","logo":{"@type":"ImageObject","inLanguage":"en-US","@id":"https:\/\/www.hotel-lebzelter.at\/en\/#\/schema\/logo\/image\/","url":"https:\/\/www.hotel-lebzelter.at\/wp-content\/uploads\/2025\/08\/logo-hotel-lebzelter.svg","contentUrl":"https:\/\/www.hotel-lebzelter.at\/wp-content\/uploads\/2025\/08\/logo-hotel-lebzelter.svg","width":270,"height":256,"caption":"Hotel Lebzelter"},"image":{"@id":"https:\/\/www.hotel-lebzelter.at\/en\/#\/schema\/logo\/image\/"},"sameAs":["https:\/\/www.facebook.com\/profile.php?id=100063728226511","https:\/\/www.instagram.com\/lebzelterzellamsee\/"]}]}},"_links":{"self":[{"href":"https:\/\/www.hotel-lebzelter.at\/en\/wp-json\/wp\/v2\/pages\/1367","targetHints":{"allow":["GET"]}}],"collection":[{"href":"https:\/\/www.hotel-lebzelter.at\/en\/wp-json\/wp\/v2\/pages"}],"about":[{"href":"https:\/\/www.hotel-lebzelter.at\/en\/wp-json\/wp\/v2\/types\/page"}],"author":[{"embeddable":true,"href":"https:\/\/www.hotel-lebzelter.at\/en\/wp-json\/wp\/v2\/users\/1"}],"replies":[{"embeddable":true,"href":"https:\/\/www.hotel-lebzelter.at\/en\/wp-json\/wp\/v2\/comments?post=1367"}],"version-history":[{"count":10,"href":"https:\/\/www.hotel-lebzelter.at\/en\/wp-json\/wp\/v2\/pages\/1367\/revisions"}],"predecessor-version":[{"id":1607,"href":"https:\/\/www.hotel-lebzelter.at\/en\/wp-json\/wp\/v2\/pages\/1367\/revisions\/1607"}],"wp:attachment":[{"href":"https:\/\/www.hotel-lebzelter.at\/en\/wp-json\/wp\/v2\/media?parent=1367"}],"curies":[{"name":"wp","href":"https:\/\/api.w.org\/{rel}","templated":true}]}}